{"id":4983,"date":"2023-03-11T10:47:36","date_gmt":"2023-03-11T10:47:36","guid":{"rendered":"https:\/\/www.bssyazilim.com.tr\/?page_id=4983"},"modified":"2023-04-25T10:11:09","modified_gmt":"2023-04-25T10:11:09","slug":"dijital-otomasyon-sistemi","status":"publish","type":"page","link":"https:\/\/www.bssyazilim.com.tr\/en\/dijital-otomasyon-sistemi\/","title":{"rendered":"D\u0130G\u0130TAL AUTOMATION SYSTEM"},"content":{"rendered":"<div data-elementor-type=\"wp-page\" data-elementor-id=\"4983\" class=\"elementor elementor-4983\">\n\t\t\t\t\t\t\t\t\t<section class=\"elementor-section elementor-top-section elementor-element elementor-element-113889b elementor-section-boxed elementor-section-height-default elementor-section-height-default\" data-id=\"113889b\" data-element_type=\"section\">\n\t\t\t\t\t\t<div class=\"elementor-container elementor-column-gap-default\">\n\t\t\t\t\t<div class=\"elementor-column elementor-col-100 elementor-top-column elementor-element elementor-element-4c87ba81\" data-id=\"4c87ba81\" data-element_type=\"column\">\n\t\t\t<div class=\"elementor-widget-wrap elementor-element-populated\">\n\t\t\t\t\t\t\t\t<div class=\"elementor-element elementor-element-32446535 elementor-widget-divider--view-line_icon elementor-view-default elementor-widget-divider--element-align-center elementor-widget elementor-widget-divider\" data-id=\"32446535\" data-element_type=\"widget\" data-widget_type=\"divider.default\">\n\t\t\t\t<div class=\"elementor-widget-container\">\n\t\t\t<style>\/*! elementor - v3.10.0 - 09-01-2023 *\/\n.elementor-widget-divider{--divider-border-style:none;--divider-border-width:1px;--divider-color:#2c2c2c;--divider-icon-size:20px;--divider-element-spacing:10px;--divider-pattern-height:24px;--divider-pattern-size:20px;--divider-pattern-url:none;--divider-pattern-repeat:repeat-x}.elementor-widget-divider .elementor-divider{display:flex}.elementor-widget-divider .elementor-divider__text{font-size:15px;line-height:1;max-width:95%}.elementor-widget-divider .elementor-divider__element{margin:0 var(--divider-element-spacing);flex-shrink:0}.elementor-widget-divider .elementor-icon{font-size:var(--divider-icon-size)}.elementor-widget-divider .elementor-divider-separator{display:flex;margin:0;direction:ltr}.elementor-widget-divider--view-line_icon .elementor-divider-separator,.elementor-widget-divider--view-line_text .elementor-divider-separator{align-items:center}.elementor-widget-divider--view-line_icon .elementor-divider-separator:after,.elementor-widget-divider--view-line_icon .elementor-divider-separator:before,.elementor-widget-divider--view-line_text .elementor-divider-separator:after,.elementor-widget-divider--view-line_text .elementor-divider-separator:before{display:block;content:\"\";border-bottom:0;flex-grow:1;border-top:var(--divider-border-width) var(--divider-border-style) var(--divider-color)}.elementor-widget-divider--element-align-left .elementor-divider .elementor-divider-separator>.elementor-divider__svg:first-of-type{flex-grow:0;flex-shrink:100}.elementor-widget-divider--element-align-left .elementor-divider-separator:before{content:none}.elementor-widget-divider--element-align-left .elementor-divider__element{margin-left:0}.elementor-widget-divider--element-align-right .elementor-divider .elementor-divider-separator>.elementor-divider__svg:last-of-type{flex-grow:0;flex-shrink:100}.elementor-widget-divider--element-align-right .elementor-divider-separator:after{content:none}.elementor-widget-divider--element-align-right .elementor-divider__element{margin-right:0}.elementor-widget-divider:not(.elementor-widget-divider--view-line_text):not(.elementor-widget-divider--view-line_icon) .elementor-divider-separator{border-top:var(--divider-border-width) var(--divider-border-style) var(--divider-color)}.elementor-widget-divider--separator-type-pattern{--divider-border-style:none}.elementor-widget-divider--separator-type-pattern.elementor-widget-divider--view-line .elementor-divider-separator,.elementor-widget-divider--separator-type-pattern:not(.elementor-widget-divider--view-line) .elementor-divider-separator:after,.elementor-widget-divider--separator-type-pattern:not(.elementor-widget-divider--view-line) .elementor-divider-separator:before,.elementor-widget-divider--separator-type-pattern:not([class*=elementor-widget-divider--view]) .elementor-divider-separator{width:100%;min-height:var(--divider-pattern-height);-webkit-mask-size:var(--divider-pattern-size) 100%;mask-size:var(--divider-pattern-size) 100%;-webkit-mask-repeat:var(--divider-pattern-repeat);mask-repeat:var(--divider-pattern-repeat);background-color:var(--divider-color);-webkit-mask-image:var(--divider-pattern-url);mask-image:var(--divider-pattern-url)}.elementor-widget-divider--no-spacing{--divider-pattern-size:auto}.elementor-widget-divider--bg-round{--divider-pattern-repeat:round}.rtl .elementor-widget-divider .elementor-divider__text{direction:rtl}.e-con-inner>.elementor-widget-divider,.e-con>.elementor-widget-divider{width:var(--container-widget-width);--flex-grow:var(--container-widget-flex-grow)}<\/style>\t\t<div class=\"elementor-divider\">\n\t\t\t<span class=\"elementor-divider-separator\">\n\t\t\t\t\t\t\t<div class=\"elementor-icon elementor-divider__element\">\n\t\t\t\t\t<i aria-hidden=\"true\" class=\"fas fa-code\"><\/i><\/div>\n\t\t\t\t\t\t<\/span>\n\t\t<\/div>\n\t\t\t\t<\/div>\n\t\t\t\t<\/div>\n\t\t\t\t<div class=\"elementor-element elementor-element-a1645d7 elementor-widget-divider--view-line_icon elementor-view-default elementor-widget-divider--element-align-center elementor-widget elementor-widget-divider\" data-id=\"a1645d7\" data-element_type=\"widget\" data-widget_type=\"divider.default\">\n\t\t\t\t<div class=\"elementor-widget-container\">\n\t\t\t\t\t<div class=\"elementor-divider\">\n\t\t\t<span class=\"elementor-divider-separator\">\n\t\t\t\t\t\t\t<div class=\"elementor-icon elementor-divider__element\">\n\t\t\t\t\t<i aria-hidden=\"true\" class=\"fas fa-code\"><\/i><\/div>\n\t\t\t\t\t\t<\/span>\n\t\t<\/div>\n\t\t\t\t<\/div>\n\t\t\t\t<\/div>\n\t\t\t\t\t<\/div>\n\t\t<\/div>\n\t\t\t\t\t\t\t<\/div>\n\t\t<\/section>\n\t\t\t\t<section class=\"elementor-section elementor-top-section elementor-element elementor-element-0996c03 elementor-section-boxed elementor-section-height-default elementor-section-height-default\" data-id=\"0996c03\" data-element_type=\"section\">\n\t\t\t\t\t\t<div class=\"elementor-container elementor-column-gap-default\">\n\t\t\t\t\t<div class=\"elementor-column elementor-col-100 elementor-top-column elementor-element elementor-element-65c42ae\" data-id=\"65c42ae\" data-element_type=\"column\">\n\t\t\t<div class=\"elementor-widget-wrap elementor-element-populated\">\n\t\t\t\t\t\t\t\t<div class=\"elementor-element elementor-element-1bd730a elementor-widget elementor-widget-text-editor\" data-id=\"1bd730a\" data-element_type=\"widget\" data-widget_type=\"text-editor.default\">\n\t\t\t\t<div class=\"elementor-widget-container\">\n\t\t\t<style>\/*! elementor - v3.10.0 - 09-01-2023 *\/\n.elementor-widget-text-editor.elementor-drop-cap-view-stacked .elementor-drop-cap{background-color:#818a91;color:#fff}.elementor-widget-text-editor.elementor-drop-cap-view-framed .elementor-drop-cap{color:#818a91;border:3px solid;background-color:transparent}.elementor-widget-text-editor:not(.elementor-drop-cap-view-default) .elementor-drop-cap{margin-top:8px}.elementor-widget-text-editor:not(.elementor-drop-cap-view-default) .elementor-drop-cap-letter{width:1em;height:1em}.elementor-widget-text-editor .elementor-drop-cap{float:left;text-align:center;line-height:1;font-size:50px}.elementor-widget-text-editor .elementor-drop-cap-letter{display:inline-block}<\/style>\t\t\t\t<p>With the PLC and sensors to be installed to the machines through PLC automation, machine plans to be create by ERP will be directly transferred to the <strong>interface screens of operators with the given plan order,<\/strong> and thus situations including the most frequent mistakes will be <strong>eliminated<\/strong> such as  wrong stereotype or mold connected toy he machine by the operators <strong>entering the setting times wrong, not correctly tracking the stopping times, not correctly tracking the<\/strong>wastes, not correctly tracking the semi-finished and finished product inventories entering to <strong>and<\/strong> exiting from the machine , wrong productions arising from omitting the work details of planned Works <strong>as well as not tracking the machine<\/strong> shift and personnel performances related to this structure.<\/p><p>\u00a0<\/p>\t\t\t\t\t\t<\/div>\n\t\t\t\t<\/div>\n\t\t\t\t\t<\/div>\n\t\t<\/div>\n\t\t\t\t\t\t\t<\/div>\n\t\t<\/section>\n\t\t\t\t<section class=\"elementor-section elementor-top-section elementor-element elementor-element-4c04aab elementor-section-boxed elementor-section-height-default elementor-section-height-default\" data-id=\"4c04aab\" data-element_type=\"section\">\n\t\t\t\t\t\t<div class=\"elementor-container elementor-column-gap-default\">\n\t\t\t\t\t<div class=\"elementor-column elementor-col-50 elementor-top-column elementor-element elementor-element-b019979\" data-id=\"b019979\" data-element_type=\"column\">\n\t\t\t<div class=\"elementor-widget-wrap elementor-element-populated\">\n\t\t\t\t\t\t\t\t<div class=\"elementor-element elementor-element-26852e9 elementor-widget elementor-widget-text-editor\" data-id=\"26852e9\" data-element_type=\"widget\" data-widget_type=\"text-editor.default\">\n\t\t\t\t<div class=\"elementor-widget-container\">\n\t\t\t\t\t\t\t<ul><li>SENDING THE PRODUCTION PLAN TO THE MACHINE TOGETHER WITH THE WORK ORDER<\/li><li><strong>EFFECTIVE TRACKING OF PRODUCTION TARGET TIMES<\/strong><\/li><li>DISPLAYING THE PRODUCT PRINT FORM IMAGES ON THE OPERATOR SCREEN<\/li><li><strong>\u00dcR\u00dcNLERE KALIP VE BI\u00c7AK \u00c7\u0130Z\u0130MLER\u0130N\u0130N G\u00d6RSELLER\u0130N\u0130N OPERAT\u00d6R EKRANINDA G\u00d6R\u00dcLMES\u0130<\/strong><\/li><li>\u00dcRET\u0130LECEK OLAN \u00dcR\u00dcN VE S\u0130PAR\u0130\u015e B\u0130LG\u0130LER\u0130N\u0130N ANLIK \u015eEK\u0130LDE OPERAT\u00d6R EKRANINDA G\u00d6R\u00dcLEB\u0130LMES\u0130<\/li><li><strong>\u00dcRET\u0130M VE SATIN ALMA S\u00dcREC\u0130NDEK\u0130 AKS\u0130YONLARIN ANLIK VE DO\u011eRU B\u0130R \u015eEK\u0130LDE OPERAT\u00d6R TARAFINDAN TAK\u0130P ED\u0130LEB\u0130LMES\u0130<\/strong><\/li><li>MAK\u0130NE \u00dcRET\u0130M\u0130NDEK\u0130 YARI MAM\u00dcL VE MAM\u00dcL STOK TAK\u0130PLER\u0130N\u0130N ANLIK B\u0130R \u015eEK\u0130LDE YAPILMASI<\/li><li><strong>REMOTE INTERVENTION TO THE MACHINES BY MOBILE PHONES WITH THE NETWORK<\/strong><\/li><li>STRUCTURE TO BE ESTABLISHED BETWEEN THE MACHINES AND THE WEB-INTERNET SYSTEM TO BE ESTABLISHED ON PLC<\/li><\/ul>\t\t\t\t\t\t<\/div>\n\t\t\t\t<\/div>\n\t\t\t\t\t<\/div>\n\t\t<\/div>\n\t\t\t\t<div class=\"elementor-column elementor-col-50 elementor-top-column elementor-element elementor-element-b0680db\" data-id=\"b0680db\" data-element_type=\"column\">\n\t\t\t<div class=\"elementor-widget-wrap elementor-element-populated\">\n\t\t\t\t\t\t\t\t<div class=\"elementor-element elementor-element-c26c9c8 elementor-widget elementor-widget-text-editor\" data-id=\"c26c9c8\" data-element_type=\"widget\" data-widget_type=\"text-editor.default\">\n\t\t\t\t<div class=\"elementor-widget-container\">\n\t\t\t\t\t\t\t<ul><li><strong>EFFECTIVE PROCESS AND PRODUCTION TRACKING BETWEEN THE MACHINES<\/strong><\/li><li><strong>COMPARING THE TARGET PRODUCTION AND REALIZED PRODUCTION TIMES TO BE TRANSMITTED TI THE MACHINES TOGETHER WITH THE PLANS<\/strong><\/li><li>AUTOMATIC AND ERROR-FREE RECORDING OF MACHINE SETTING TIMES THROUGH THE ALGORITHMS DEVELOPPED SPECIALLY FOR THE SECTOR AND PRODUCTION PROCESS<\/li><li><strong>GETTING PRODUCTION QUANTITIES INSTANTLY FROM PLC AND SENDING THEM TO THE SYSTEM<\/strong><\/li><li>TRANSFERRING THE PRODUCTION TIMES INSTANTLY AND ERROR-FREE TO ERP<\/li><li><strong>INSTANTLY TRACKING ALL THE SHOPPINGS OF THE MACHINE AND NOT BEING ABL TO RUN THE MACHINE WITHOUT ENTERING THE REASON OF STOPPING<\/strong><\/li><li>EVEN IF THE MACHINE RUNS DURING THE SHIFT CHANGES, GETTING THE PRODUCTION QUANTITIES AND PRODUCTION TIMES AUTOMATICALLY AT THE END OF SHIFT WITHOUT STOPPING THE MACHINES AND RECORDING THEM IN THE ERP APPLICATION<\/li><\/ul>\t\t\t\t\t\t<\/div>\n\t\t\t\t<\/div>\n\t\t\t\t\t<\/div>\n\t\t<\/div>\n\t\t\t\t\t\t\t<\/div>\n\t\t<\/section>\n\t\t\t\t<section class=\"elementor-section elementor-top-section elementor-element elementor-element-62ee4aa1 elementor-section-boxed elementor-section-height-default elementor-section-height-default\" data-id=\"62ee4aa1\" data-element_type=\"section\">\n\t\t\t\t\t\t<div class=\"elementor-container elementor-column-gap-default\">\n\t\t\t\t\t<div class=\"elementor-column elementor-col-100 elementor-top-column elementor-element elementor-element-90665b6\" data-id=\"90665b6\" data-element_type=\"column\">\n\t\t\t<div class=\"elementor-widget-wrap elementor-element-populated\">\n\t\t\t\t\t\t\t\t<div class=\"elementor-element elementor-element-22034f7 elementor-arrows-position-inside elementor-pagination-position-outside elementor-widget elementor-widget-image-carousel\" data-id=\"22034f7\" data-element_type=\"widget\" data-settings=\"{&quot;navigation&quot;:&quot;both&quot;,&quot;autoplay&quot;:&quot;yes&quot;,&quot;pause_on_hover&quot;:&quot;yes&quot;,&quot;pause_on_interaction&quot;:&quot;yes&quot;,&quot;autoplay_speed&quot;:5000,&quot;infinite&quot;:&quot;yes&quot;,&quot;speed&quot;:500}\" data-widget_type=\"image-carousel.default\">\n\t\t\t\t<div class=\"elementor-widget-container\">\n\t\t\t<style>\/*! elementor - v3.10.0 - 09-01-2023 *\/\n.elementor-widget-image-carousel .swiper-container{position:static}.elementor-widget-image-carousel .swiper-container .swiper-slide figure{line-height:inherit}.elementor-widget-image-carousel .swiper-slide{text-align:center}.elementor-image-carousel-wrapper:not(.swiper-container-initialized) .swiper-slide{max-width:calc(100% \/ var(--e-image-carousel-slides-to-show, 3))}<\/style>\t\t<div class=\"elementor-image-carousel-wrapper swiper-container\" dir=\"ltr\">\n\t\t\t<div class=\"elementor-image-carousel swiper-wrapper\">\n\t\t\t\t\t\t\t\t<div class=\"swiper-slide\"><figure class=\"swiper-slide-inner\"><img decoding=\"async\" class=\"swiper-slide-image\" src=\"https:\/\/www.bssyazilim.com.tr\/wp-content\/uploads\/2023\/03\/image-4-1.png\" alt=\"image (4)\" \/><\/figure><\/div><div class=\"swiper-slide\"><figure class=\"swiper-slide-inner\"><img decoding=\"async\" class=\"swiper-slide-image\" src=\"https:\/\/www.bssyazilim.com.tr\/wp-content\/uploads\/2023\/03\/image-4.png\" alt=\"image (4)\" \/><\/figure><\/div><div class=\"swiper-slide\"><figure class=\"swiper-slide-inner\"><img decoding=\"async\" class=\"swiper-slide-image\" src=\"https:\/\/www.bssyazilim.com.tr\/wp-content\/uploads\/2023\/03\/image-3.png\" alt=\"image (3)\" \/><\/figure><\/div>\t\t\t<\/div>\n\t\t\t\t\t\t\t\t\t\t\t\t<div class=\"swiper-pagination\"><\/div>\n\t\t\t\t\t\t\t\t\t\t\t\t\t<div class=\"elementor-swiper-button elementor-swiper-button-prev\">\n\t\t\t\t\t\t<i aria-hidden=\"true\" class=\"eicon-chevron-left\"><\/i>\t\t\t\t\t\t<span class=\"elementor-screen-only\">Previous<\/span>\n\t\t\t\t\t<\/div>\n\t\t\t\t\t<div class=\"elementor-swiper-button elementor-swiper-button-next\">\n\t\t\t\t\t\t<i aria-hidden=\"true\" class=\"eicon-chevron-right\"><\/i>\t\t\t\t\t\t<span class=\"elementor-screen-only\">Next<\/span>\n\t\t\t\t\t<\/div>\n\t\t\t\t\t\t\t\t\t<\/div>\n\t\t\t\t<\/div>\n\t\t\t\t<\/div>\n\t\t\t\t\t<\/div>\n\t\t<\/div>\n\t\t\t\t\t\t\t<\/div>\n\t\t<\/section>\n\t\t\t\t\t\t\t<\/div>","protected":false},"excerpt":{"rendered":"<p>Dijital Otomasyonu sayesinde makinelere\u00a0 monte edilecek PLC ve sens\u00f6rler ile ERP taraf\u0131ndan yap\u0131lacak makine planlamalar\u0131 direkt olarak operat\u00f6rlerin ara y\u00fcz ekranlar\u0131na yap\u0131lan plan s\u0131ras\u0131 ile aktar\u0131lacak, operat\u00f6rlerin en \u00e7ok hata yapm\u0131\u015f oldu\u011fu makineye yanl\u0131\u015f kli\u015fe ba\u011flama , kal\u0131p ba\u011flama, ayar\u00a0 s\u00fcrelerini yanl\u0131\u015f belirleme , duraklama s\u00fcrelerinin do\u011fru takip edilmemesi, firelerin do\u011fru takip edilememesi,\u00a0 makineye giren ve \u00e7\u0131kan yar\u0131 mamul ve &hellip;<\/p>","protected":false},"author":1,"featured_media":0,"parent":0,"menu_order":0,"comment_status":"closed","ping_status":"closed","template":"blank-builder.php","meta":{"footnotes":""},"class_list":["post-4983","page","type-page","status-publish","hentry"],"_links":{"self":[{"href":"https:\/\/www.bssyazilim.com.tr\/en\/wp-json\/wp\/v2\/pages\/4983","targetHints":{"allow":["GET"]}}],"collection":[{"href":"https:\/\/www.bssyazilim.com.tr\/en\/wp-json\/wp\/v2\/pages"}],"about":[{"href":"https:\/\/www.bssyazilim.com.tr\/en\/wp-json\/wp\/v2\/types\/page"}],"author":[{"embeddable":true,"href":"https:\/\/www.bssyazilim.com.tr\/en\/wp-json\/wp\/v2\/users\/1"}],"replies":[{"embeddable":true,"href":"https:\/\/www.bssyazilim.com.tr\/en\/wp-json\/wp\/v2\/comments?post=4983"}],"version-history":[{"count":9,"href":"https:\/\/www.bssyazilim.com.tr\/en\/wp-json\/wp\/v2\/pages\/4983\/revisions"}],"predecessor-version":[{"id":5375,"href":"https:\/\/www.bssyazilim.com.tr\/en\/wp-json\/wp\/v2\/pages\/4983\/revisions\/5375"}],"wp:attachment":[{"href":"https:\/\/www.bssyazilim.com.tr\/en\/wp-json\/wp\/v2\/media?parent=4983"}],"curies":[{"name":"wp","href":"https:\/\/api.w.org\/{rel}","templated":true}]}}